{"id":13,"date":"2025-05-03T15:51:53","date_gmt":"2025-05-03T12:51:53","guid":{"rendered":"https:\/\/renginiurapsodija.lt\/?page_id=13"},"modified":"2025-05-03T15:51:53","modified_gmt":"2025-05-03T12:51:53","slug":"pinigu-grazinimo-politika","status":"publish","type":"page","link":"https:\/\/www.renginiurapsodija.lt\/en\/pinigu-grazinimo-politika\/","title":{"rendered":"Refund Policy"},"content":{"rendered":"<div class=\"wpb-content-wrapper\"><div class=\"vc_row wpb_row vc_row-fluid gt-background-position-initial gt-background-attachment-initial gt-overflow-hidden gt-text-default\"><div class=\"wpb_column vc_column_container vc_col-sm-12\"><div class=\"vc_column-inner\"><div class=\"wpb_wrapper\">\n\t<div class=\"wpb_text_column wpb_content_element\" >\n\t\t<div class=\"wpb_wrapper\">\n\t\t\t<p class=\"\" data-start=\"291\" data-end=\"329\">Last updated: 2025-05-03<\/p>\n<hr class=\"\" data-start=\"331\" data-end=\"334\" \/>\n<h3 class=\"\" data-start=\"336\" data-end=\"359\">1. Nature of the services<\/h3>\n<p class=\"\" data-start=\"361\" data-end=\"603\">The services provided by Event Rhapsody include individually planned celebrations, ceremonies, decorations and other related organizational work. Each order is <strong data-start=\"530\" data-end=\"602\">unique and requires advance preparation and time resources<\/strong>.<\/p>\n<hr class=\"\" data-start=\"605\" data-end=\"608\" \/>\n<h3 class=\"\" data-start=\"610\" data-end=\"634\">2. Advance payment refund<\/h3>\n<p class=\"\" data-start=\"636\" data-end=\"780\">Most services are only provided after an advance payment.<br data-start=\"697\" data-end=\"700\" \/><strong data-start=\"700\" data-end=\"724\">The advance payment is non-refundable.<\/strong>unless otherwise agreed in writing prior to the performance of the service.<\/p>\n<p class=\"\" data-start=\"782\" data-end=\"812\"><strong data-start=\"782\" data-end=\"812\">Exceptions are only possible in the following cases:<\/strong><\/p>\n<ul data-start=\"813\" data-end=\"905\">\n<li class=\"\" data-start=\"813\" data-end=\"883\">\n<p class=\"\" data-start=\"815\" data-end=\"883\">for an event unexpectedly cancelled due to force majeure<\/p>\n<\/li>\n<li class=\"\" data-start=\"884\" data-end=\"905\">\n<p class=\"\" data-start=\"886\" data-end=\"905\">by mutual agreement<\/p>\n<\/li>\n<\/ul>\n<hr class=\"\" data-start=\"907\" data-end=\"910\" \/>\n<h3 class=\"\" data-start=\"912\" data-end=\"957\">3. Cancellation of services at the initiative of the client<\/h3>\n<p class=\"\" data-start=\"959\" data-end=\"1005\">If the customer decides to cancel the service:<\/p>\n<ul data-start=\"1006\" data-end=\"1272\">\n<li class=\"\" data-start=\"1006\" data-end=\"1123\">\n<p class=\"\" data-start=\"1008\" data-end=\"1123\"><strong data-start=\"1008\" data-end=\"1040\">60+ days before the event<\/strong> \u2013 partial refund (up to 50% of the amount) is possible if no significant expenses were incurred.<\/p>\n<\/li>\n<li class=\"\" data-start=\"1124\" data-end=\"1272\">\n<p class=\"\" data-start=\"1126\" data-end=\"1272\"><strong data-start=\"1126\" data-end=\"1162\">Less than 60 days before the event<\/strong> \u2013 the amount paid is non-refundable, but the service may be <strong data-start=\"1218\" data-end=\"1244\">perkeliama kitai datai<\/strong>, jei susitariama i\u0161 anksto.<\/p>\n<\/li>\n<\/ul>\n<hr class=\"\" data-start=\"1274\" data-end=\"1277\" \/>\n<h3 class=\"\" data-start=\"1279\" data-end=\"1334\">4. Cancellation of the service at the initiative of the service provider<\/h3>\n<p class=\"\" data-start=\"1336\" data-end=\"1437\">If, due to unforeseen circumstances, the service cannot be provided on my (Kristina Vanagien\u0117's) initiative:<\/p>\n<ul data-start=\"1438\" data-end=\"1586\">\n<li class=\"\" data-start=\"1438\" data-end=\"1586\">\n<p class=\"\" data-start=\"1440\" data-end=\"1586\"><strong data-start=\"1440\" data-end=\"1501\">All money paid will be refunded in full within 10 business days.<\/strong>, or the customer is offered another solution (e.g. another date or partner service).<\/p>\n<\/li>\n<\/ul>\n<hr class=\"\" data-start=\"1588\" data-end=\"1591\" \/>\n<h3 class=\"\" data-start=\"1593\" data-end=\"1628\">5. How do I apply for a refund?<\/h3>\n<p class=\"\" data-start=\"1630\" data-end=\"1796\">To request a refund or cancellation of a service, please email:<br data-start=\"1718\" data-end=\"1721\" \/>\ud83d\udce7 <a href=\"mailto:info@renginiurapsodija.lt\">info@renginiurapsodija.lt<\/a><\/p>\n<p class=\"\" data-start=\"1798\" data-end=\"1809\">Please specify:<\/p>\n<ul data-start=\"1810\" data-end=\"1910\">\n<li class=\"\" data-start=\"1810\" data-end=\"1825\">\n<p class=\"\" data-start=\"1812\" data-end=\"1825\">Order date<\/p>\n<\/li>\n<li class=\"\" data-start=\"1826\" data-end=\"1849\">\n<p class=\"\" data-start=\"1828\" data-end=\"1849\">Your name and surname<\/p>\n<\/li>\n<li class=\"\" data-start=\"1850\" data-end=\"1910\">\n<p class=\"\" data-start=\"1852\" data-end=\"1910\">The reason you want to cancel or transfer the service<\/p>\n<\/li>\n<\/ul>\n<hr class=\"\" data-start=\"1912\" data-end=\"1915\" \/>\n<h3 class=\"\" data-start=\"1917\" data-end=\"1945\">6. Additional information<\/h3>\n<p class=\"\" data-start=\"1947\" data-end=\"2100\">The Service Provider reserves the right to update this policy without prior notice.<br data-start=\"2029\" data-end=\"2032\" \/>We recommend that you review this page before each new order.<\/p>\n\n\t\t<\/div>\n\t<\/div>\n<\/div><\/div><\/div><\/div>\n<\/div>","protected":false},"excerpt":{"rendered":"Paskutin\u012f kart\u0105 atnaujinta: 2025-05-03 1. Paslaug\u0173 pob\u016bdis Rengini\u0173 Rapsodijos teikiamos paslaugos \u2013 tai individualiai planuojamos \u0161vent\u0117s, ceremonijos, dekoravimas ir kiti susij\u0119 organizaciniai darbai. Kiekvienas u\u017esakymas yra unikalus ir reikalaujantis i\u0161ankstinio pasirengimo bei laiko resurs\u0173. 2. Avanso gr\u0105\u017einimas Dauguma paslaug\u0173 pradedamos...","protected":false},"author":1,"featured_media":0,"parent":0,"menu_order":0,"comment_status":"closed","ping_status":"closed","template":"","meta":{"footnotes":""},"class_list":["post-13","page","type-page","status-publish","hentry"],"_links":{"self":[{"href":"https:\/\/www.renginiurapsodija.lt\/en\/wp-json\/wp\/v2\/pages\/13","targetHints":{"allow":["GET"]}}],"collection":[{"href":"https:\/\/www.renginiurapsodija.lt\/en\/wp-json\/wp\/v2\/pages"}],"about":[{"href":"https:\/\/www.renginiurapsodija.lt\/en\/wp-json\/wp\/v2\/types\/page"}],"author":[{"embeddable":true,"href":"https:\/\/www.renginiurapsodija.lt\/en\/wp-json\/wp\/v2\/users\/1"}],"replies":[{"embeddable":true,"href":"https:\/\/www.renginiurapsodija.lt\/en\/wp-json\/wp\/v2\/comments?post=13"}],"version-history":[{"count":2,"href":"https:\/\/www.renginiurapsodija.lt\/en\/wp-json\/wp\/v2\/pages\/13\/revisions"}],"predecessor-version":[{"id":3858,"href":"https:\/\/www.renginiurapsodija.lt\/en\/wp-json\/wp\/v2\/pages\/13\/revisions\/3858"}],"wp:attachment":[{"href":"https:\/\/www.renginiurapsodija.lt\/en\/wp-json\/wp\/v2\/media?parent=13"}],"curies":[{"name":"wp","href":"https:\/\/api.w.org\/{rel}","templated":true}]}}