{"id":1741,"date":"2025-05-03T15:55:35","date_gmt":"2025-05-03T12:55:35","guid":{"rendered":"https:\/\/demo.gloriathemes.com\/eventchamp\/demo\/?page_id=1741"},"modified":"2025-05-03T16:01:21","modified_gmt":"2025-05-03T13:01:21","slug":"salygos-ir-nuostatos","status":"publish","type":"page","link":"https:\/\/www.renginiurapsodija.lt\/en\/salygos-ir-nuostatos\/","title":{"rendered":"Terms and Conditions"},"content":{"rendered":"<div class=\"wpb-content-wrapper\"><div class=\"vc_row wpb_row vc_row-fluid gt-background-position-initial gt-background-attachment-initial gt-overflow-hidden gt-text-default\"><div class=\"wpb_column vc_column_container vc_col-sm-2\"><div class=\"vc_column-inner\"><div class=\"wpb_wrapper\"><\/div><\/div><\/div><div class=\"wpb_column vc_column_container vc_col-sm-8\"><div class=\"vc_column-inner\"><div class=\"wpb_wrapper\">\n\t<div class=\"wpb_text_column wpb_content_element\" >\n\t\t<div class=\"wpb_wrapper\">\n\t\t\t<p class=\"\" data-start=\"259\" data-end=\"297\">Last updated: 2025-05-03<\/p>\n<hr class=\"\" data-start=\"299\" data-end=\"302\" \/>\n<h3 class=\"\" data-start=\"304\" data-end=\"329\">1. General information<\/h3>\n<p class=\"\" data-start=\"331\" data-end=\"561\">This website is owned and operated by <strong data-start=\"368\" data-end=\"392\">Kristinos Vanagien\u0117s<\/strong>operating under the brand <strong data-start=\"423\" data-end=\"445\">Event Rhapsody<\/strong>.<br data-start=\"446\" data-end=\"449\" \/>Using the website <a class=\"\" href=\"http:\/\/www.renginiurapsodija.lt\/en\/\" target=\"_new\" rel=\"noopener\" data-start=\"471\" data-end=\"495\">www.renginiurapsodija.lt<\/a>, You agree to these terms and conditions and undertake to comply with them.<\/p>\n<hr class=\"\" data-start=\"563\" data-end=\"566\" \/>\n<h3 class=\"\" data-start=\"568\" data-end=\"591\">2. Services<\/h3>\n<p class=\"\" data-start=\"593\" data-end=\"862\">All services provided on the website (event planning, decoration, ceremony organization, etc.) are provided individually, according to the needs of each client.<br data-start=\"763\" data-end=\"766\" \/>Prices, descriptions and photos are for informational purposes only and should not be considered an official offer.<\/p>\n<hr class=\"\" data-start=\"864\" data-end=\"867\" \/>\n<h3 class=\"\" data-start=\"869\" data-end=\"897\">3. Limitation of liability<\/h3>\n<p class=\"\" data-start=\"899\" data-end=\"1114\">While we make every effort to provide accurate information, we cannot guarantee that all information on the website will always be completely up-to-date or error-free.<br data-start=\"1053\" data-end=\"1056\" \/>The content of the website may be changed without notice.<\/p>\n<hr class=\"\" data-start=\"1116\" data-end=\"1119\" \/>\n<h3 class=\"\" data-start=\"1121\" data-end=\"1149\">4. Intellectual property<\/h3>\n<p class=\"\" data-start=\"1151\" data-end=\"1335\">All photos, texts, logos and other content on the website are <strong data-start=\"1230\" data-end=\"1267\">copyrighted material<\/strong>, owned by Kristina Vanagien\u0117 or used with permission.<\/p>\n<p class=\"\" data-start=\"1337\" data-end=\"1423\">Copying, distributing or otherwise using the content of the website without written permission is prohibited.<\/p>\n<hr class=\"\" data-start=\"1425\" data-end=\"1428\" \/>\n<h3 class=\"\" data-start=\"1430\" data-end=\"1464\">5. Links to third parties<\/h3>\n<p class=\"\" data-start=\"1466\" data-end=\"1608\">The website may contain links to the pages of other suppliers or partners. We are not responsible for the content or privacy policies of these sites.<\/p>\n<hr class=\"\" data-start=\"1610\" data-end=\"1613\" \/>\n<h3 class=\"\" data-start=\"1615\" data-end=\"1658\">6. Terms of orders and cooperation<\/h3>\n<p class=\"\" data-start=\"1660\" data-end=\"1813\">Orders are placed only individually, by contacting us by email or via the contact form.<br data-start=\"1740\" data-end=\"1743\" \/>Conditions, terms and payments are negotiated on a case-by-case basis.<\/p>\n<blockquote data-start=\"1814\" data-end=\"1917\">\n<p class=\"\" data-start=\"1816\" data-end=\"1917\">More information: <a class=\"cursor-pointer\" href=\"https:\/\/www.renginiurapsodija.lt\/en\/pinigu-grazinimo-politika\/\" target=\"_new\" rel=\"noopener\" data-start=\"1838\" data-end=\"1917\">Refund Policy<\/a><\/p>\n<\/blockquote>\n<hr class=\"\" data-start=\"1919\" data-end=\"1922\" \/>\n<h3 class=\"\" data-start=\"1924\" data-end=\"1951\">7. Policy changes<\/h3>\n<p class=\"\" data-start=\"1953\" data-end=\"2058\">The Service Provider reserves the right to change these terms and conditions at any time. We recommend that you review them periodically.<\/p>\n<hr class=\"\" data-start=\"2060\" data-end=\"2063\" \/>\n<h3 class=\"\" data-start=\"2065\" data-end=\"2081\">Contacts<\/h3>\n<p class=\"\" data-start=\"2083\" data-end=\"2217\"><strong data-start=\"2083\" data-end=\"2105\">Event Rhapsody<\/strong><br data-start=\"2105\" data-end=\"2108\" \/>Kristina Vanagien\u0117<br data-start=\"2126\" data-end=\"2129\" \/>\ud83d\udce7 <a href=\"mailto:info@renginiurapsodija.lt\">info@renginiurapsodija.lt<\/a><br data-start=\"2204\" data-end=\"2207\" \/>\ud83d\udcde <a href=\"tel:+37065509255\">+37065509255<\/a><\/p>\n\n\t\t<\/div>\n\t<\/div>\n<\/div><\/div><\/div><div class=\"wpb_column vc_column_container vc_col-sm-2\"><div class=\"vc_column-inner\"><div class=\"wpb_wrapper\"><\/div><\/div><\/div><\/div>\n<\/div>","protected":false},"excerpt":{"rendered":"Paskutin\u012f kart\u0105 atnaujinta: 2025-05-03 1. Bendra informacija \u0160i svetain\u0117 priklauso ir yra valdoma Kristinos Vanagien\u0117s, veikian\u010dios su prek\u0117s \u017eenklu Rengini\u0173 Rapsodija.Naudodamiesi svetaine www.renginiurapsodija.lt, J\u016bs sutinkate su \u0161iomis s\u0105lygomis ir \u012fsipareigojate j\u0173 laikytis. 2. Paslaug\u0173 pob\u016bdis Visos svetain\u0117je pateikiamos paslaugos (rengini\u0173...","protected":false},"author":1,"featured_media":0,"parent":0,"menu_order":0,"comment_status":"closed","ping_status":"closed","template":"","meta":{"footnotes":""},"class_list":["post-1741","page","type-page","status-publish","hentry"],"_links":{"self":[{"href":"https:\/\/www.renginiurapsodija.lt\/en\/wp-json\/wp\/v2\/pages\/1741","targetHints":{"allow":["GET"]}}],"collection":[{"href":"https:\/\/www.renginiurapsodija.lt\/en\/wp-json\/wp\/v2\/pages"}],"about":[{"href":"https:\/\/www.renginiurapsodija.lt\/en\/wp-json\/wp\/v2\/types\/page"}],"author":[{"embeddable":true,"href":"https:\/\/www.renginiurapsodija.lt\/en\/wp-json\/wp\/v2\/users\/1"}],"replies":[{"embeddable":true,"href":"https:\/\/www.renginiurapsodija.lt\/en\/wp-json\/wp\/v2\/comments?post=1741"}],"version-history":[{"count":2,"href":"https:\/\/www.renginiurapsodija.lt\/en\/wp-json\/wp\/v2\/pages\/1741\/revisions"}],"predecessor-version":[{"id":3860,"href":"https:\/\/www.renginiurapsodija.lt\/en\/wp-json\/wp\/v2\/pages\/1741\/revisions\/3860"}],"wp:attachment":[{"href":"https:\/\/www.renginiurapsodija.lt\/en\/wp-json\/wp\/v2\/media?parent=1741"}],"curies":[{"name":"wp","href":"https:\/\/api.w.org\/{rel}","templated":true}]}}