{"id":3,"date":"2025-04-19T10:28:34","date_gmt":"2025-04-19T10:28:34","guid":{"rendered":"https:\/\/renginiurapsodija.lt\/?page_id=3"},"modified":"2025-05-03T15:49:33","modified_gmt":"2025-05-03T12:49:33","slug":"privatumo-politika","status":"publish","type":"page","link":"https:\/\/www.renginiurapsodija.lt\/en\/privatumo-politika\/","title":{"rendered":"Privacy Policy"},"content":{"rendered":"<div class=\"wpb-content-wrapper\"><div class=\"vc_row wpb_row vc_row-fluid gt-background-position-initial gt-background-attachment-initial gt-overflow-hidden gt-text-default\"><div class=\"wpb_column vc_column_container vc_col-sm-12\"><div class=\"vc_column-inner\"><div class=\"wpb_wrapper\">\n\t<div class=\"wpb_text_column wpb_content_element\" >\n\t\t<div class=\"wpb_wrapper\">\n\t\t\t<p class=\"\" data-start=\"282\" data-end=\"320\">Last updated: 2025-05-03<\/p>\n<p class=\"\" data-start=\"322\" data-end=\"510\">Your privacy is important to us. This policy explains what information we collect, how we use it and what rights you have when you visit our website. <strong data-start=\"481\" data-end=\"509\"><a class=\"\" href=\"http:\/\/www.renginiurapsodija.lt\/en\/\" target=\"_new\" rel=\"noopener\" data-start=\"483\" data-end=\"507\">www.renginiurapsodija.lt<\/a><\/strong>.<\/p>\n<hr class=\"\" data-start=\"512\" data-end=\"515\" \/>\n<h3 class=\"wp-block-heading\" data-start=\"517\" data-end=\"548\">1. What data do we collect?<\/h3>\n<p class=\"\" data-start=\"550\" data-end=\"583\">We may collect the following data:<\/p>\n<ul data-start=\"584\" data-end=\"695\">\n<li class=\"\" data-start=\"584\" data-end=\"591\">\n<p class=\"\" data-start=\"586\" data-end=\"591\">Name<\/p>\n<\/li>\n<li class=\"\" data-start=\"592\" data-end=\"610\">\n<p class=\"\" data-start=\"594\" data-end=\"610\">Email<\/p>\n<\/li>\n<li class=\"\" data-start=\"611\" data-end=\"628\">\n<p class=\"\" data-start=\"613\" data-end=\"628\">Phone number<\/p>\n<\/li>\n<li class=\"\" data-start=\"629\" data-end=\"695\">\n<p class=\"\" data-start=\"631\" data-end=\"695\">The content of your message (when you submit a request via the contact form)<\/p>\n<\/li>\n<\/ul>\n<p class=\"\" data-start=\"697\" data-end=\"803\">This data is provided voluntarily, only when the visitor contacts us via a form or email.<\/p>\n<hr class=\"\" data-start=\"805\" data-end=\"808\" \/>\n<h3 class=\"\" data-start=\"810\" data-end=\"853\">2. How do we use the information we collect?<\/h3>\n<p class=\"\" data-start=\"855\" data-end=\"898\">The data you provide may be used:<\/p>\n<ul data-start=\"899\" data-end=\"1012\">\n<li class=\"\" data-start=\"899\" data-end=\"926\">\n<p class=\"\" data-start=\"901\" data-end=\"926\">Respond to your inquiries<\/p>\n<\/li>\n<li class=\"\" data-start=\"927\" data-end=\"959\">\n<p class=\"\" data-start=\"929\" data-end=\"959\">Provide services and offers<\/p>\n<\/li>\n<li class=\"\" data-start=\"960\" data-end=\"1012\">\n<p class=\"\" data-start=\"962\" data-end=\"1012\">Improve website performance and customer service<\/p>\n<\/li>\n<\/ul>\n<hr class=\"\" data-start=\"1014\" data-end=\"1017\" \/>\n<h3 class=\"\" data-start=\"1019\" data-end=\"1068\">3. Do we transfer data to third parties?<\/h3>\n<p class=\"\" data-start=\"1070\" data-end=\"1211\">No. Your data <strong data-start=\"1088\" data-end=\"1107\">are not transmitted<\/strong>, <strong data-start=\"1109\" data-end=\"1123\">sold<\/strong> or shared with third parties, except where required by law.<\/p>\n<hr class=\"\" data-start=\"1213\" data-end=\"1216\" \/>\n<h3 class=\"\" data-start=\"1218\" data-end=\"1243\">Cookies<\/h3>\n<p class=\"\" data-start=\"1245\" data-end=\"1444\">Our website may use cookies to help analyze visitor behavior and improve the functionality of the website. You can control the use of cookies in your browser settings.<\/p>\n<hr class=\"\" data-start=\"1446\" data-end=\"1449\" \/>\n<h3 class=\"\" data-start=\"1451\" data-end=\"1469\">5. Your rights<\/h3>\n<p class=\"\" data-start=\"1471\" data-end=\"1488\">You have the right:<\/p>\n<ul data-start=\"1489\" data-end=\"1646\">\n<li class=\"\" data-start=\"1489\" data-end=\"1536\">\n<p class=\"\" data-start=\"1491\" data-end=\"1536\">Receive information about the use of your data<\/p>\n<\/li>\n<li class=\"\" data-start=\"1537\" data-end=\"1584\">\n<p class=\"\" data-start=\"1539\" data-end=\"1584\">Request correction or deletion of your data<\/p>\n<\/li>\n<li class=\"\" data-start=\"1585\" data-end=\"1646\">\n<p class=\"\" data-start=\"1587\" data-end=\"1646\">Opt out of data processing for direct marketing purposes<\/p>\n<\/li>\n<\/ul>\n<p class=\"\" data-start=\"1648\" data-end=\"1796\">If you want to exercise your rights, please contact us by e-mail:<br data-start=\"1718\" data-end=\"1721\" \/>\ud83d\udce7 <a class=\"cursor-pointer\" href=\"mailto:info@renginiurapsodija.lt\" rel=\"noopener\" data-start=\"1883\" data-end=\"1908\">info@renginiurapsodija.lt<\/a><\/p>\n<hr class=\"\" data-start=\"1798\" data-end=\"1801\" \/>\n<h3 class=\"\" data-start=\"1803\" data-end=\"1819\">Contacts<\/h3>\n<p class=\"\" data-start=\"1821\" data-end=\"1908\"><strong data-start=\"1821\" data-end=\"1843\">Event Rhapsody<\/strong><br data-start=\"1843\" data-end=\"1846\" \/>Kristina Vanagien\u0117<br data-start=\"1864\" data-end=\"1867\" \/>\ud83d\udcde <a href=\"tel:+37065509255\">+37065509255<\/a><br data-start=\"1877\" data-end=\"1880\" \/>\ud83d\udce7 <a class=\"cursor-pointer\" href=\"mailto:info@renginiurapsodija.lt\" rel=\"noopener\" data-start=\"1883\" data-end=\"1908\">info@renginiurapsodija.lt<\/a><\/p>\n<hr class=\"\" data-start=\"1910\" data-end=\"1913\" \/>\n<blockquote data-start=\"1915\" data-end=\"1993\">\n<p class=\"\" data-start=\"1917\" data-end=\"1993\">This policy may be updated. We recommend that you review it periodically.<\/p>\n<\/blockquote>\n\n\t\t<\/div>\n\t<\/div>\n<\/div><\/div><\/div><\/div>\n<\/div>","protected":false},"excerpt":{"rendered":"Paskutin\u012f kart\u0105 atnaujinta: 2025-05-03 J\u016bs\u0173 privatumas mums svarbus. \u0160ioje politikoje paai\u0161kinama, koki\u0105 informacij\u0105 renkame, kaip j\u0105 naudojame ir kokias teises turite, kai lankot\u0117s m\u016bs\u0173 svetain\u0117je www.renginiurapsodija.lt. 1. Kokius duomenis renkame? Mes galime rinkti \u0161iuos duomenis: Vard\u0105 El. pa\u0161to adres\u0105 Telefono...","protected":false},"author":1,"featured_media":0,"parent":0,"menu_order":0,"comment_status":"closed","ping_status":"closed","template":"","meta":{"footnotes":""},"class_list":["post-3","page","type-page","status-publish","hentry"],"_links":{"self":[{"href":"https:\/\/www.renginiurapsodija.lt\/en\/wp-json\/wp\/v2\/pages\/3","targetHints":{"allow":["GET"]}}],"collection":[{"href":"https:\/\/www.renginiurapsodija.lt\/en\/wp-json\/wp\/v2\/pages"}],"about":[{"href":"https:\/\/www.renginiurapsodija.lt\/en\/wp-json\/wp\/v2\/types\/page"}],"author":[{"embeddable":true,"href":"https:\/\/www.renginiurapsodija.lt\/en\/wp-json\/wp\/v2\/users\/1"}],"replies":[{"embeddable":true,"href":"https:\/\/www.renginiurapsodija.lt\/en\/wp-json\/wp\/v2\/comments?post=3"}],"version-history":[{"count":2,"href":"https:\/\/www.renginiurapsodija.lt\/en\/wp-json\/wp\/v2\/pages\/3\/revisions"}],"predecessor-version":[{"id":3857,"href":"https:\/\/www.renginiurapsodija.lt\/en\/wp-json\/wp\/v2\/pages\/3\/revisions\/3857"}],"wp:attachment":[{"href":"https:\/\/www.renginiurapsodija.lt\/en\/wp-json\/wp\/v2\/media?parent=3"}],"curies":[{"name":"wp","href":"https:\/\/api.w.org\/{rel}","templated":true}]}}