{"id":875,"date":"2025-05-03T10:49:05","date_gmt":"2025-05-03T07:49:05","guid":{"rendered":"https:\/\/demo.gloriathemes.com\/eventchamp\/demo\/?page_id=875"},"modified":"2025-05-11T16:28:06","modified_gmt":"2025-05-11T13:28:06","slug":"susisiekime","status":"publish","type":"page","link":"https:\/\/www.renginiurapsodija.lt\/en\/susisiekime\/","title":{"rendered":"Contact"},"content":{"rendered":"<div class=\"wpb-content-wrapper\"><div class=\"vc_row wpb_row vc_row-fluid gt-background-position-initial gt-background-attachment-initial gt-overflow-hidden gt-text-default\"><div class=\"wpb_column vc_column_container vc_col-sm-12 vc_col-lg-2 vc_col-md-2 vc_hidden-sm vc_col-xs-12 vc_hidden-xs\"><div class=\"vc_column-inner\"><div class=\"wpb_wrapper\"><\/div><\/div><\/div><div class=\"wpb_column vc_column_container vc_col-sm-12 vc_col-lg-8 vc_col-md-8 vc_col-xs-12\"><div class=\"vc_column-inner\"><div class=\"wpb_wrapper\"><div class=\"vc_empty_space\"   style=\"height: 110px\"><span class=\"vc_empty_space_inner\"><\/span><\/div><div class=\"gt-heading gt-dark gt-size1 gt-align-center\"><div class=\"gt-title\">Contact <span>Us<\/span><\/div><div class=\"gt-separate\"><i class=\"far fa-envelope\"><\/i><\/div><div class=\"gt-text\">Do you have any questions or want to know more about our events? Contact us now!<\/div><\/div><div class=\"vc_empty_space\"   style=\"height: 115px\"><span class=\"vc_empty_space_inner\"><\/span><\/div><\/div><\/div><\/div><div class=\"wpb_column vc_column_container vc_col-sm-12 vc_col-lg-2 vc_col-md-2 vc_hidden-sm vc_col-xs-12 vc_hidden-xs\"><div class=\"vc_column-inner\"><div class=\"wpb_wrapper\"><\/div><\/div><\/div><\/div><div class=\"vc_row wpb_row vc_row-fluid vc_column-gap-30 gt-background-position-initial gt-background-attachment-initial gt-overflow-hidden gt-text-default\"><div class=\"kontaktu_forma_classname wpb_column vc_column_container vc_col-sm-6\" id=\"kontaktu_forma\"><div class=\"vc_column-inner\"><div class=\"wpb_wrapper\">\n<div class=\"wpcf7 no-js\" id=\"wpcf7-f3820-o1\" lang=\"lt-LT\" dir=\"ltr\" data-wpcf7-id=\"3820\">\n<div class=\"screen-reader-response\"><p role=\"status\" aria-live=\"polite\" aria-atomic=\"true\"><\/p> <ul><\/ul><\/div>\n<form action=\"\/en\/wp-json\/wp\/v2\/pages\/875#wpcf7-f3820-o1\" method=\"post\" class=\"wpcf7-form init\" aria-label=\"Kontakt\u0173 forma\" novalidate=\"novalidate\" data-status=\"init\" data-trp-original-action=\"\/en\/wp-json\/wp\/v2\/pages\/875#wpcf7-f3820-o1\">\n<fieldset class=\"hidden-fields-container\"><input type=\"hidden\" name=\"_wpcf7\" value=\"3820\" \/><input type=\"hidden\" name=\"_wpcf7_version\" value=\"6.1.4\" \/><input type=\"hidden\" name=\"_wpcf7_locale\" value=\"lt_LT\" \/><input type=\"hidden\" name=\"_wpcf7_unit_tag\" value=\"wpcf7-f3820-o1\" \/><input type=\"hidden\" name=\"_wpcf7_container_post\" value=\"0\" \/><input type=\"hidden\" name=\"_wpcf7_posted_data_hash\" value=\"\" \/>\n<\/fieldset>\n<label> Name (required)\n<span class=\"wpcf7-form-control-wrap\" data-name=\"vardas\"><input size=\"40\" maxlength=\"400\" class=\"wpcf7-form-control wpcf7-text wpcf7-validates-as-required\" aria-required=\"true\" aria-invalid=\"false\" value=\"\" type=\"text\" name=\"vardas\" \/><\/span> <\/label>\n\n<label> Email (required)\n<span class=\"wpcf7-form-control-wrap\" data-name=\"pastas\"><input size=\"40\" maxlength=\"400\" class=\"wpcf7-form-control wpcf7-email wpcf7-validates-as-required wpcf7-text wpcf7-validates-as-email\" aria-required=\"true\" aria-invalid=\"false\" value=\"\" type=\"email\" name=\"pastas\" \/><\/span> <\/label>\n\n<label> Phone number\n<span class=\"wpcf7-form-control-wrap\" data-name=\"telefonas\"><input size=\"40\" maxlength=\"400\" class=\"wpcf7-form-control wpcf7-tel wpcf7-text wpcf7-validates-as-tel\" aria-invalid=\"false\" value=\"\" type=\"tel\" name=\"telefonas\" \/><\/span> <\/label>\n\n<label> Date (if known)\n<span class=\"wpcf7-form-control-wrap\" data-name=\"data\"><input class=\"wpcf7-form-control wpcf7-date wpcf7-validates-as-date\" aria-invalid=\"false\" value=\"\" type=\"date\" name=\"data\" \/><\/span> <\/label>\n\n<label> Type of celebration\n<span class=\"wpcf7-form-control-wrap\" data-name=\"sventes-tipai\"><select class=\"wpcf7-form-control wpcf7-select\" aria-invalid=\"false\" name=\"sventes-tipai\"><option value=\"Vestuvi\u0173 planavimas\">Wedding planning<\/option><option value=\"Dekoravimas ir floristika\">Decoration and floristry<\/option><option value=\"MINI koordinavimas\">MINI coordination<\/option><option value=\"Mobilus CRYSTAL baras\">Mobile CRYSTAL bar<\/option><option value=\"Vedybos KAIP KINE\">Weddings LIKE IN A MOVIE<\/option><option value=\"\u0160ampano staliukas\">Champagne table<\/option><option value=\"\u0160ampano tauri\u0173 piramid\u0117\">Pyramid of champagne glasses<\/option><option value=\"Kita\">Other<\/option><\/select><\/span> <\/label>\n\n<label> Message\n<span class=\"wpcf7-form-control-wrap\" data-name=\"zinute\"><textarea cols=\"40\" rows=\"10\" maxlength=\"2000\" class=\"wpcf7-form-control wpcf7-textarea\" aria-invalid=\"false\" name=\"zinute\"><\/textarea><\/span> <\/label>\n\n<input class=\"wpcf7-form-control wpcf7-submit has-spinner\" type=\"submit\" value=\"Si\u0173sti\" \/><div class=\"wpcf7-response-output\" aria-hidden=\"true\"><\/div>\n<input type=\"hidden\" name=\"trp-form-language\" value=\"en\"\/><\/form>\n<\/div>\n<\/div><\/div><\/div><div class=\"wpb_column vc_column_container vc_col-sm-6\"><div class=\"vc_column-inner\"><div class=\"wpb_wrapper\"><div class=\"vc_separator wpb_content_element vc_separator_align_center vc_sep_width_100 vc_sep_pos_align_center vc_sep_color_grey wpb_content_element vc_separator-has-text\" ><span class=\"vc_sep_holder vc_sep_holder_l\"><span class=\"vc_sep_line\"><\/span><\/span><h4>FAQ<\/h4><span class=\"vc_sep_holder vc_sep_holder_r\"><span class=\"vc_sep_line\"><\/span><\/span>\n<\/div><div class=\"vc_empty_space\"   style=\"height: 30px\"><span class=\"vc_empty_space_inner\"><\/span><\/div><div class=\"gt-dropdown\"><div class=\"gt-panel-group\" id=\"faq-accardion\" role=\"tablist\" aria-multiselectable=\"true\"><div class=\"gt-panel\"><div class=\"gt-panel-heading\" role=\"tab\" id=\"#faq-heading-661897\"><a role=\"button\" data-toggle=\"collapse\" data-parent=\"#faq-accardion\" href=\"#faq-collapse-661897\" aria-expanded=\"true\" aria-controls=\"faq-collapse-661897\">When should you start planning a celebration?<svg xmlns=\"https:\/\/www.w3.org\/2000\/svg\" viewbox=\"0 0 24 24\" fill=\"none\" stroke=\"currentColor\" stroke-width=\"2\" stroke-linecap=\"round\" stroke-linejoin=\"round\"><polyline points=\"6 9 12 15 18 9\"><\/polyline><\/svg><\/a><\/div><div id=\"faq-collapse-661897\" class=\"gt-panel-collapse collapse show\" role=\"tabpanel\" aria-labelledby=\"faq-heading-661897\"><div class=\"gt-panel-body\"><p>The earlier the better! I recommend starting at least 6-12 months before the big date.<\/p>\n<\/div><\/div><\/div><div class=\"gt-panel\"><div class=\"gt-panel-heading\" role=\"tab\" id=\"#faq-heading-521737\"><a role=\"button\" data-toggle=\"collapse\" data-parent=\"#faq-accardion\" href=\"#faq-collapse-521737\" aria-expanded=\"true\" aria-controls=\"faq-collapse-521737\">Are you planning events only in Lithuania?<svg xmlns=\"https:\/\/www.w3.org\/2000\/svg\" viewbox=\"0 0 24 24\" fill=\"none\" stroke=\"currentColor\" stroke-width=\"2\" stroke-linecap=\"round\" stroke-linejoin=\"round\"><polyline points=\"6 9 12 15 18 9\"><\/polyline><\/svg><\/a><\/div><div id=\"faq-collapse-521737\" class=\"gt-panel-collapse collapse\" role=\"tabpanel\" aria-labelledby=\"faq-heading-521737\"><div class=\"gt-panel-body\"><p>No \u2013 I also organize events abroad, especially in Europe and Southeast Asia.<\/p>\n<\/div><\/div><\/div><div class=\"gt-panel\"><div class=\"gt-panel-heading\" role=\"tab\" id=\"#faq-heading-647892\"><a role=\"button\" data-toggle=\"collapse\" data-parent=\"#faq-accardion\" href=\"#faq-collapse-647892\" aria-expanded=\"true\" aria-controls=\"faq-collapse-647892\">Is it possible to order only part of the services, for example, just the decor or the ceremony?<svg xmlns=\"https:\/\/www.w3.org\/2000\/svg\" viewbox=\"0 0 24 24\" fill=\"none\" stroke=\"currentColor\" stroke-width=\"2\" stroke-linecap=\"round\" stroke-linejoin=\"round\"><polyline points=\"6 9 12 15 18 9\"><\/polyline><\/svg><\/a><\/div><div id=\"faq-collapse-647892\" class=\"gt-panel-collapse collapse\" role=\"tabpanel\" aria-labelledby=\"faq-heading-647892\"><div class=\"gt-panel-body\"><p>Yes! Services can be customized to your needs.<\/p>\n<\/div><\/div><\/div><div class=\"gt-panel\"><div class=\"gt-panel-heading\" role=\"tab\" id=\"#faq-heading-683769\"><a role=\"button\" data-toggle=\"collapse\" data-parent=\"#faq-accardion\" href=\"#faq-collapse-683769\" aria-expanded=\"true\" aria-controls=\"faq-collapse-683769\">How much does it cost to organize an event?<svg xmlns=\"https:\/\/www.w3.org\/2000\/svg\" viewbox=\"0 0 24 24\" fill=\"none\" stroke=\"currentColor\" stroke-width=\"2\" stroke-linecap=\"round\" stroke-linejoin=\"round\"><polyline points=\"6 9 12 15 18 9\"><\/polyline><\/svg><\/a><\/div><div id=\"faq-collapse-683769\" class=\"gt-panel-collapse collapse\" role=\"tabpanel\" aria-labelledby=\"faq-heading-683769\"><div class=\"gt-panel-body\"><p>The price depends on the scope of the event, location, and services - each offer is individual.<\/p>\n<\/div><\/div><\/div><div class=\"gt-panel\"><div class=\"gt-panel-heading\" role=\"tab\" id=\"#faq-heading-990387\"><a role=\"button\" data-toggle=\"collapse\" data-parent=\"#faq-accardion\" href=\"#faq-collapse-990387\" aria-expanded=\"true\" aria-controls=\"faq-collapse-990387\">Do you help find suppliers \u2013 photographers, caterers, florists?<svg xmlns=\"https:\/\/www.w3.org\/2000\/svg\" viewbox=\"0 0 24 24\" fill=\"none\" stroke=\"currentColor\" stroke-width=\"2\" stroke-linecap=\"round\" stroke-linejoin=\"round\"><polyline points=\"6 9 12 15 18 9\"><\/polyline><\/svg><\/a><\/div><div id=\"faq-collapse-990387\" class=\"gt-panel-collapse collapse\" role=\"tabpanel\" aria-labelledby=\"faq-heading-990387\"><div class=\"gt-panel-body\"><p>Yes, we cooperate only with reliable and professional suppliers.<\/p>\n<\/div><\/div><\/div><div class=\"gt-panel\"><div class=\"gt-panel-heading\" role=\"tab\" id=\"#faq-heading-284630\"><a role=\"button\" data-toggle=\"collapse\" data-parent=\"#faq-accardion\" href=\"#faq-collapse-284630\" aria-expanded=\"true\" aria-controls=\"faq-collapse-284630\">Can we meet in person?<svg xmlns=\"https:\/\/www.w3.org\/2000\/svg\" viewbox=\"0 0 24 24\" fill=\"none\" stroke=\"currentColor\" stroke-width=\"2\" stroke-linecap=\"round\" stroke-linejoin=\"round\"><polyline points=\"6 9 12 15 18 9\"><\/polyline><\/svg><\/a><\/div><div id=\"faq-collapse-284630\" class=\"gt-panel-collapse collapse\" role=\"tabpanel\" aria-labelledby=\"faq-heading-284630\"><div class=\"gt-panel-body\"><p>Of course! Meetings are available in person or remotely \u2013 whichever is more convenient for you.<\/p>\n<\/div><\/div><\/div><div class=\"gt-panel\"><div class=\"gt-panel-heading\" role=\"tab\" id=\"#faq-heading-709978\"><a role=\"button\" data-toggle=\"collapse\" data-parent=\"#faq-accardion\" href=\"#faq-collapse-709978\" aria-expanded=\"true\" aria-controls=\"faq-collapse-709978\">Do you provide services in a foreign language?<svg xmlns=\"https:\/\/www.w3.org\/2000\/svg\" viewbox=\"0 0 24 24\" fill=\"none\" stroke=\"currentColor\" stroke-width=\"2\" stroke-linecap=\"round\" stroke-linejoin=\"round\"><polyline points=\"6 9 12 15 18 9\"><\/polyline><\/svg><\/a><\/div><div id=\"faq-collapse-709978\" class=\"gt-panel-collapse collapse\" role=\"tabpanel\" aria-labelledby=\"faq-heading-709978\"><div class=\"gt-panel-body\"><p>Yes, I am fluent in Lithuanian, English and Russian.<\/p>\n<\/div><\/div><\/div><\/div><\/div><\/div><\/div><\/div><\/div><div class=\"vc_row wpb_row vc_row-fluid gt-background-position-initial gt-background-attachment-initial gt-overflow-hidden gt-text-default\"><div class=\"wpb_column vc_column_container vc_col-sm-12\"><div class=\"vc_column-inner\"><div class=\"wpb_wrapper\"><div class=\"gt-contact-box\"><div class=\"gt-item gt-email\"><svg xmlns=\"https:\/\/www.w3.org\/2000\/svg\" viewbox=\"0 0 24 24\" fill=\"none\" stroke=\"currentColor\" stroke-width=\"2\" stroke-linecap=\"round\" stroke-linejoin=\"round\"><path d=\"M4 4h16c1.1 0 2 .9 2 2v12c0 1.1-.9 2-2 2H4c-1.1 0-2-.9-2-2V6c0-1.1.9-2 2-2z\"><\/path><polyline points=\"22,6 12,13 2,6\"><\/polyline><\/svg><a href=\"mailto:info@renginiurapsodija.lt\">info@renginiurapsodija.lt<\/a><\/div><div class=\"gt-item gt-phone\"><svg xmlns=\"https:\/\/www.w3.org\/2000\/svg\" viewbox=\"0 0 24 24\" fill=\"none\" stroke=\"currentColor\" stroke-width=\"2\" stroke-linecap=\"round\" stroke-linejoin=\"round\"><path d=\"M22 16.92v3a2 2 0 0 1-2.18 2 19.79 19.79 0 0 1-8.63-3.07 19.5 19.5 0 0 1-6-6 19.79 19.79 0 0 1-3.07-8.67A2 2 0 0 1 4.11 2h3a2 2 0 0 1 2 1.72 12.84 12.84 0 0 0 .7 2.81 2 2 0 0 1-.45 2.11L8.09 9.91a16 16 0 0 0 6 6l1.27-1.27a2 2 0 0 1 2.11-.45 12.84 12.84 0 0 0 2.81.7A2 2 0 0 1 22 16.92z\"><\/path><\/svg><a href=\"tel:++37065509255\">+37065509255<\/a><\/div><\/div><div class=\"gt-social-links-element gt-style-1\"><ul class=\"gt-social-links\"><li><a href=\"https:\/\/www.facebook.com\/renginiu.rapsodija\" target=\"_blank\"><i class=\"fa-brands fa-facebook-f\"><\/i><\/a><\/li><li><a href=\"https:\/\/www.instagram.com\/renginiurapsodija\/\" target=\"_blank\"><i class=\"fa-brands fa-instagram\"><\/i><\/a><\/li><li><a href=\"mailto:info@renginiurapsodija.lt\" target=\"_blank\"><i class=\"fa-solid fa-envelope\"><\/i><\/a><\/li><\/ul><\/div><\/div><\/div><\/div><\/div>\n<\/div>","protected":false},"excerpt":{"rendered":"Susisiekite su MumisTurite klausim\u0173 arba norite su\u017einoti daugiau apie m\u016bs\u0173 renginius? Susisiekite su mumis dabar! Vardas (b\u016btinas) El. pa\u0161tas (b\u016btinas) Telefono numeris Data (jei \u017einoma) \u0160vent\u0117s tipas Vestuvi\u0173 planavimasDekoravimas ir floristikaMINI koordinavimasMobilus CRYSTAL barasVedybos KAIP KINE\u0160ampano staliukas\u0160ampano tauri\u0173 piramid\u0117Kita \u017dinut\u0117...","protected":false},"author":1,"featured_media":0,"parent":0,"menu_order":0,"comment_status":"closed","ping_status":"closed","template":"","meta":{"footnotes":""},"class_list":["post-875","page","type-page","status-publish","hentry"],"_links":{"self":[{"href":"https:\/\/www.renginiurapsodija.lt\/en\/wp-json\/wp\/v2\/pages\/875","targetHints":{"allow":["GET"]}}],"collection":[{"href":"https:\/\/www.renginiurapsodija.lt\/en\/wp-json\/wp\/v2\/pages"}],"about":[{"href":"https:\/\/www.renginiurapsodija.lt\/en\/wp-json\/wp\/v2\/types\/page"}],"author":[{"embeddable":true,"href":"https:\/\/www.renginiurapsodija.lt\/en\/wp-json\/wp\/v2\/users\/1"}],"replies":[{"embeddable":true,"href":"https:\/\/www.renginiurapsodija.lt\/en\/wp-json\/wp\/v2\/comments?post=875"}],"version-history":[{"count":10,"href":"https:\/\/www.renginiurapsodija.lt\/en\/wp-json\/wp\/v2\/pages\/875\/revisions"}],"predecessor-version":[{"id":4069,"href":"https:\/\/www.renginiurapsodija.lt\/en\/wp-json\/wp\/v2\/pages\/875\/revisions\/4069"}],"wp:attachment":[{"href":"https:\/\/www.renginiurapsodija.lt\/en\/wp-json\/wp\/v2\/media?parent=875"}],"curies":[{"name":"wp","href":"https:\/\/api.w.org\/{rel}","templated":true}]}}